{"id":2,"date":"2019-01-29T18:34:25","date_gmt":"2019-01-29T18:34:25","guid":{"rendered":"http:\/\/frvpark.blackbullseye.com\/\/?page_id=2"},"modified":"2025-07-07T11:50:01","modified_gmt":"2025-07-07T15:50:01","slug":"sample-page","status":"publish","type":"page","link":"https:\/\/frvpark.com\/fr\/","title":{"rendered":"Accueil"},"content":{"rendered":"<img decoding=\"async\" src=\"https:\/\/frvpark.com\/wp-content\/uploads\/2019\/08\/florence-RV-park-sign.png\" alt=\"florence RV park sign\" itemprop=\"image\" height=\"969\" width=\"544\" title=\"Florence RV Park sign\" onerror=\"this.style.display='none'\" loading='lazy' \/>\n<h1  data-animation-delay=\"0\" data-animation-duration=\"3\">\n\t\t\tDormir \u00e0 la belle \u00e9toile\t<\/h1>\n\t<p>Tucked away just off of Interstate 95 in sunny Florence, SC, Florence RV Park is one of South Carolina&#8217;s best-kept secrets. Our campground invites you to camp with us and friends! Please note that we do not offer online booking. All appointments must be made by phone.<\/p>\n\t\t\t<a href =\"https:\/\/frvpark.com\/fr\/contact-us\/\" target=\"_self\">\n\t\t\t\t\t\t\t\tENTRER EN CONTACT\t\t\t\t\t\t\t\n\t\t\t\t\t\t<\/a>\n\t\t\t\t<img decoding=\"async\" src=\"https:\/\/frvpark.com\/wp-content\/uploads\/2019\/08\/south-carolinas-best-kept-secret-01.png\" alt=\"south carolinas best kept secret-01\" itemprop=\"image\" height=\"478\" width=\"601\" title=\"carolinas du sud secret le mieux gard\u00e9\" onerror=\"this.style.display='none'\" loading='lazy' \/>\n<h3  data-animation-delay=\"0\" data-animation-duration=\"2\">\n\t\t\tLe secret le mieux gard\u00e9 de Caroline du Sud\t<\/h3>\n\t<p>Just minutes away from the Grand Strand of South Carolina, Myrtle Beach and Darlington Raceway, Florence RV Park is a great destination for relaxing and having fun with friends and family. Whether you are an angler at heart, you will experience natural beauty like you&#8217;ve never seen before at Florence RV Park.<\/p>\n<p><strong>Espace de rangement<\/strong><\/p>\n<p>Nous avons une zone cl\u00f4tur\u00e9e et s\u00e9curis\u00e9e pour tout ce qui est grand ou petit. Vous n&#039;avez pas envie de tout ramener \u00e0 la maison? Laissez-le avec nous toute l&#039;ann\u00e9e.<\/p>\n<p><strong>Agr\u00e9ments<\/strong><\/p>\n<p>First-rate amenities including free wi-fi hotspots, accommodations, and activities for the whole family add up to a great fun filled camping trip that will create memories for years to come. You can bet the best spots go first, so don&#8217;t wait to plan your camping trip.<\/p>\n<p>&nbsp;<\/p>\n\t\t\t<a href =\"https:\/\/frvpark.com\/wp-content\/uploads\/2019\/10\/CAMPGROUND-MAP-2.pdf\" target=\"_blank\" rel=\"noopener\">\n\t\t\t\t\t\t\t\tCARTE DE CAMPING\t\t\t\t\t\t\t\n\t\t\t\t\t\t<\/a>\n\t<h3>\n\t\t\t\tTarifs et inscription:\n\t\t\t<\/h3>\n\t\t\t<p>The office hours are from 8am to 5pm, Monday to Saturday. For arrival on the property during lunch break or after hours a registration booth is located on front of building. The light will illuminate at night time and during the day it extends out on face of the building. If a emergency arises a number is listed in the night registration box for 24 hour assistance.<\/p>\t\n\t<p>We are open year round. We offer tent, cabin, RV sites &amp; storage.\u00a0 We also sell propane. Most of our sites are pull through. Easy access to I-95 &#8211; located off Exit 169.<\/p>\n\t\t\t<a href =\"https:\/\/frvpark.com\/fr\/rates\/\" target=\"_self\">\n\t\t\t\t\t\t\t\tTarifs &amp; Infos\t\t\t\t\t\t\t\n\t\t\t\t\t\t<\/a>\n\t\t\t\t<img decoding=\"async\" src=\"https:\/\/frvpark.com\/wp-content\/uploads\/2019\/08\/south-carolinas-best-kept-secret-02.png\" alt=\"south carolinas best kept secret-02\" itemprop=\"image\" height=\"478\" width=\"602\" title=\"carolinas du sud mieux gard\u00e9 secret-02\" onerror=\"this.style.display='none'\" loading='lazy' \/>\n<h3  data-animation-delay=\"0\" data-animation-duration=\"1\">\n\t\t\tAm\u00e9nit\u00e9s et activit\u00e9s\t<\/h3>\n\t\t\t\t<img decoding=\"async\" src=\"https:\/\/frvpark.com\/wp-content\/uploads\/2019\/08\/pond.jpg\" alt=\"Take a stroll along the pond.\"\/>\n\t\t\t<p>Promenez-vous au bord de l&#039;eau.<\/p>\n\t\t<a href=\"https:\/\/frvpark.com\/fr\/amenities\/\" target=\"_self\"  aria-label=\"Go to https:\/\/frvpark.com\/amenities\/\"><\/a>\n\t\t\t\t<img decoding=\"async\" src=\"https:\/\/frvpark.com\/wp-content\/uploads\/2019\/08\/family-time.jpg\" alt=\"family-time\"\/>\n\t\t\t<h3>Du temps en famille.<\/h3>\n\t\t<a href=\"https:\/\/frvpark.com\/fr\/amenities\/\" target=\"_self\"  aria-label=\"Go to https:\/\/frvpark.com\/amenities\/\"><\/a>\n\t\t\t\t<img decoding=\"async\" src=\"https:\/\/frvpark.com\/wp-content\/uploads\/2019\/08\/roasting-marshmellows.jpg\" alt=\"roasting-marshmellows\"\/>\n\t\t\t<h4>Faire griller des guimauves sur le feu.<\/h4>\n\t\t<a href=\"https:\/\/frvpark.com\/fr\/amenities\/\" target=\"_self\"  aria-label=\"Go to https:\/\/frvpark.com\/amenities\/\"><\/a>\n\t\t\t\t<img decoding=\"async\" src=\"https:\/\/frvpark.com\/wp-content\/uploads\/2019\/08\/family-camping.jpg\" alt=\"family-camping\"\/>\n\t\t\t<p>D\u00e9tente nocturne au coin du feu.<\/p>\n\t\t<a href=\"https:\/\/frvpark.com\/fr\/amenities\/\" target=\"_self\"  aria-label=\"Go to https:\/\/frvpark.com\/amenities\/\"><\/a>\n\t\t\t\t<img decoding=\"async\" src=\"https:\/\/frvpark.com\/wp-content\/uploads\/2019\/08\/kids-swimming-in-pool-2.jpg\" alt=\"kids-swimming-in-pool 2\"\/>\n\t\t\t<p>Plaisir en famille rafra\u00eechissant.<\/p>\n\t\t<a href=\"https:\/\/frvpark.com\/fr\/amenities\/\" target=\"_self\"  aria-label=\"Go to https:\/\/frvpark.com\/amenities\/\"><\/a>\n\t\t\t<a href =\"https:\/\/frvpark.com\/fr\/amenities\/\" target=\"_self\">\n\t\t\t\t\t\t\t\tAPPRENDRE ENCORE PLUS\t\t\t\t\t\t\t\n\t\t\t\t\t\t<\/a>\n\t\t\t\t\t\t\t\t<h3 class='uabb-testimonial-author-name testimonial-author-name'>Colin Hibberd<\/h3>\t\t\t\t\t\t\t\t\n\t\t\t\t\t\t\t<p>Beau niveau \u00e0 travers les sites, les salles de bain \u00e9taient les plus propres que j&#039;aie jamais vues. Sortie facile du rt95. J&#039;ai m\u00eame rempli mon propane avant notre d\u00e9part. J&#039;y retournerais sans h\u00e9siter. Pas de c\u00e2ble et antenne limit\u00e9e mais si vous voulez aller dans un h\u00f4tel, c&#039;est un camping. Beaucoup de magasins \u00e0 quelques sorties seulement 95.<\/p>\t\t\t\t\t\t\n\t\t\t\t\t\t\t\t<h3 class='uabb-testimonial-author-name testimonial-author-name'>Deborah Dancer<\/h3>\t\t\t\t\t\t\t\t\n\t\t\t\t\t\t\t<p>Grand parc de camping-car avec beaucoup d&#039;espace entre les sites. Acc\u00e8s facile et nivellement des sites avec \u00e9lectricit\u00e9, eau, \u00e9gout. A un \u00e9tang avec des canards et une grande pelouse. Theres une piscine et une laverie, cl\u00f4tur\u00e9 dans un parc pour chiens, propri\u00e9taires tr\u00e8s sympathiques et serviables. Je reviendrai certainement.<\/p>\t\t\t\t\t\t\n\t\t\t\t\t\t\t\t<h3 class='uabb-testimonial-author-name testimonial-author-name'>Carissa Richter<\/h3>\t\t\t\t\t\t\t\t\n\t\t\t\t\t\t\t<p>J&#039;ai s\u00e9journ\u00e9 ici pendant une nuit en rentrant chez nous et nous l&#039;avons appr\u00e9ci\u00e9! Propre et sympathique. M\u00eame les canards sont sympathiques! Mes enfants ont ador\u00e9 le parc.<\/p>\t\t\t\t\t\t\n\t\t\t\t\t\t\t\t<h3 class='uabb-testimonial-author-name testimonial-author-name'>Christi Weiland Metcalf<\/h3>\t\t\t\t\t\t\t\t\n\t\t\t\t\t\t\t<p>Super arr\u00eat de nuit en direction du nord ou du sud. Personnel de bureau tr\u00e8s sympathique; l&#039;enregistrement a \u00e9t\u00e9 un jeu d&#039;enfant. La maison de bain pr\u00e8s du bureau \u00e9tait tr\u00e8s agr\u00e9able. Nous y retournerons certainement.<\/p>\t\t\t\t\t\t\n\t\t\t\t\t\t\t\t<h3 class='uabb-testimonial-author-name testimonial-author-name'>Janene Scott Stevens<\/h3>\t\t\t\t\t\t\t\t\n\t\t\t\t\t\t\t<p>De loin le meilleur parc de camping-cars que nous ayons jamais visit\u00e9 ou v\u00e9cu! Aimer! Aimer! Aimer! Beau, propre, tarifs raisonnables, personnel formidable \u2026\u2026 .. J&#039;ai rencontr\u00e9 tellement de nouveaux amis, certains que je sais dureront toute une vie!<\/p>\t\t\t\t\t\t\n\t\t\t\t<img decoding=\"async\" src=\"https:\/\/frvpark.com\/wp-content\/uploads\/2019\/08\/IMG_0098.jpeg\" alt=\"IMG_0098\" itemprop=\"image\" height=\"1796\" width=\"1847\" title=\"IMG_0098\" onerror=\"this.style.display='none'\" loading='lazy' \/>\n\t<p>1115 E. Campground Road<\/p>\n<p>Florence, SC 29506<\/p>\n<p>(843) 665-7007<\/p>\n<p>I-95 &amp; TV Road<\/p>\n<p>Florence County<\/p>\n\t<iframe src=\"https:\/\/www.google.com\/maps\/embed\/v1\/place?q=1115+E.+Campground+Road%2C+Florence%2C+SC+29506&#038;key=AIzaSyD09zQ9PNDNNy9TadMuzRV_UsPUoWKntt8\" aria-hidden=\"true\"><\/iframe>\n<footer>\n\u00a9 2019 Florence RV Park. Tous les droits sont r\u00e9serv\u00e9s. \u00a0<a href=\"https:\/\/frvpark.com\/fr\/rules-and-regulations\/\">R\u00e8gles et r\u00e8glements<\/a>\u00a0 | <a href=\"https:\/\/frvpark.com\/fr\/cabin-rules\/\">R\u00e8gles de cabine<\/a> | <a href=\"https:\/\/frvpark.com\/fr\/privacy-policy-2\/\">Politique de confidentialit\u00e9<\/a> | <a href=\"https:\/\/frvpark.com\/fr\/cancellation-policy\/\">Politique d&#039;annulation<\/a>\n<\/footer>","protected":false},"excerpt":{"rendered":"<p>Sleep Under the Stars Tucked away just off of Interstate 95 in sunny Florence, SC, Florence RV Park is one of South Carolina&#8217;s best-kept secrets. Our campground invites you to camp with us and friends! Please note that we do not offer online booking. All appointments must be made by phone. GET IN TOUCH South&hellip;<\/p>","protected":false},"author":1,"featured_media":0,"parent":0,"menu_order":0,"comment_status":"closed","ping_status":"open","template":"","meta":{"_monsterinsights_skip_tracking":false,"_monsterinsights_sitenote_active":false,"_monsterinsights_sitenote_note":"","_monsterinsights_sitenote_category":0,"footnotes":""},"class_list":["post-2","page","type-page","status-publish","hentry"],"_links":{"self":[{"href":"https:\/\/frvpark.com\/fr\/wp-json\/wp\/v2\/pages\/2","targetHints":{"allow":["GET"]}}],"collection":[{"href":"https:\/\/frvpark.com\/fr\/wp-json\/wp\/v2\/pages"}],"about":[{"href":"https:\/\/frvpark.com\/fr\/wp-json\/wp\/v2\/types\/page"}],"author":[{"embeddable":true,"href":"https:\/\/frvpark.com\/fr\/wp-json\/wp\/v2\/users\/1"}],"replies":[{"embeddable":true,"href":"https:\/\/frvpark.com\/fr\/wp-json\/wp\/v2\/comments?post=2"}],"version-history":[{"count":329,"href":"https:\/\/frvpark.com\/fr\/wp-json\/wp\/v2\/pages\/2\/revisions"}],"predecessor-version":[{"id":881,"href":"https:\/\/frvpark.com\/fr\/wp-json\/wp\/v2\/pages\/2\/revisions\/881"}],"wp:attachment":[{"href":"https:\/\/frvpark.com\/fr\/wp-json\/wp\/v2\/media?parent=2"}],"curies":[{"name":"wp","href":"https:\/\/api.w.org\/{rel}","templated":true}]}}